{"id":617,"date":"2025-06-09T09:32:40","date_gmt":"2025-06-09T09:32:40","guid":{"rendered":"https:\/\/kukulele.net\/?page_id=617"},"modified":"2026-04-12T14:26:09","modified_gmt":"2026-04-12T14:26:09","slug":"home","status":"publish","type":"page","link":"https:\/\/kukulele.net\/","title":{"rendered":"Kukulele! Mit\u00e4p\u00e4 kaikkea on tulossa 2026"},"content":{"rendered":"\n<p>Seuraa n\u00e4it\u00e4 sivuja niin saat ensimm\u00e4isen\u00e4 tiedon.<\/p>\n\n\n\n<figure class=\"wp-block-image size-large\"><img loading=\"lazy\" decoding=\"async\" width=\"700\" height=\"1024\" src=\"https:\/\/kukulele.net\/wp-content\/uploads\/2026\/04\/F-2026-Kukulele-700x1024.png\" alt=\"\" class=\"wp-image-747\" srcset=\"https:\/\/kukulele.net\/wp-content\/uploads\/2026\/04\/F-2026-Kukulele-700x1024.png 700w, https:\/\/kukulele.net\/wp-content\/uploads\/2026\/04\/F-2026-Kukulele-205x300.png 205w, https:\/\/kukulele.net\/wp-content\/uploads\/2026\/04\/F-2026-Kukulele-768x1124.png 768w, https:\/\/kukulele.net\/wp-content\/uploads\/2026\/04\/F-2026-Kukulele-1050x1536.png 1050w, https:\/\/kukulele.net\/wp-content\/uploads\/2026\/04\/F-2026-Kukulele-1399x2048.png 1399w, https:\/\/kukulele.net\/wp-content\/uploads\/2026\/04\/F-2026-Kukulele.png 1614w\" sizes=\"auto, (max-width: 700px) 100vw, 700px\" \/><\/figure>\n\n\n\n<p><\/p>\n\n\n\n<figure class=\"wp-block-image size-large\"><img loading=\"lazy\" decoding=\"async\" width=\"1024\" height=\"768\" src=\"https:\/\/kukulele.net\/wp-content\/uploads\/2025\/07\/Fagerissa-2023-ukeorkka-1024x768.jpg\" alt=\"\" class=\"wp-image-650\" srcset=\"https:\/\/kukulele.net\/wp-content\/uploads\/2025\/07\/Fagerissa-2023-ukeorkka-1024x768.jpg 1024w, https:\/\/kukulele.net\/wp-content\/uploads\/2025\/07\/Fagerissa-2023-ukeorkka-300x225.jpg 300w, https:\/\/kukulele.net\/wp-content\/uploads\/2025\/07\/Fagerissa-2023-ukeorkka-768x576.jpg 768w, https:\/\/kukulele.net\/wp-content\/uploads\/2025\/07\/Fagerissa-2023-ukeorkka-1536x1152.jpg 1536w, https:\/\/kukulele.net\/wp-content\/uploads\/2025\/07\/Fagerissa-2023-ukeorkka.jpg 1600w\" sizes=\"auto, (max-width: 1024px) 100vw, 1024px\" \/><\/figure>\n","protected":false},"excerpt":{"rendered":"<p>Seuraa n\u00e4it\u00e4 sivuja niin saat ensimm\u00e4isen\u00e4 tiedon.<\/p>\n","protected":false},"author":1,"featured_media":0,"parent":0,"menu_order":0,"comment_status":"closed","ping_status":"closed","template":"","meta":{"_kadence_starter_templates_imported_post":false,"_kad_post_transparent":"","_kad_post_title":"","_kad_post_layout":"","_kad_post_sidebar_id":"","_kad_post_content_style":"","_kad_post_vertical_padding":"","_kad_post_feature":"","_kad_post_feature_position":"","_kad_post_header":false,"_kad_post_footer":false,"_kad_post_classname":"","footnotes":""},"class_list":["post-617","page","type-page","status-publish","hentry"],"_links":{"self":[{"href":"https:\/\/kukulele.net\/index.php?rest_route=\/wp\/v2\/pages\/617","targetHints":{"allow":["GET"]}}],"collection":[{"href":"https:\/\/kukulele.net\/index.php?rest_route=\/wp\/v2\/pages"}],"about":[{"href":"https:\/\/kukulele.net\/index.php?rest_route=\/wp\/v2\/types\/page"}],"author":[{"embeddable":true,"href":"https:\/\/kukulele.net\/index.php?rest_route=\/wp\/v2\/users\/1"}],"replies":[{"embeddable":true,"href":"https:\/\/kukulele.net\/index.php?rest_route=%2Fwp%2Fv2%2Fcomments&post=617"}],"version-history":[{"count":24,"href":"https:\/\/kukulele.net\/index.php?rest_route=\/wp\/v2\/pages\/617\/revisions"}],"predecessor-version":[{"id":749,"href":"https:\/\/kukulele.net\/index.php?rest_route=\/wp\/v2\/pages\/617\/revisions\/749"}],"wp:attachment":[{"href":"https:\/\/kukulele.net\/index.php?rest_route=%2Fwp%2Fv2%2Fmedia&parent=617"}],"curies":[{"name":"wp","href":"https:\/\/api.w.org\/{rel}","templated":true}]}}