{"id":363,"date":"2022-07-11T19:11:10","date_gmt":"2022-07-11T16:11:10","guid":{"rendered":"https:\/\/kukulele.net\/?page_id=363"},"modified":"2026-04-03T14:54:55","modified_gmt":"2026-04-03T14:54:55","slug":"karkkilan-ukuleleyhdistys-ry","status":"publish","type":"page","link":"https:\/\/kukulele.net\/?page_id=363","title":{"rendered":"Karkkilan ukuleleyhdistys ry"},"content":{"rendered":"\n<p>Yhdistys perustettiin 2015. Yhdistyksen tarkoituksena on edist\u00e4\u00e4 ukulelemusiikin ja yleens\u00e4 musiikin harrastusta paikkakunnalla. Vire\u00e4 yhdistyksemme j\u00e4rjest\u00e4\u00e4 kes\u00e4isin yhteisty\u00f6ss\u00e4 Karkkilan kaupungin kanssa Ukulelefestivaalit. Syksyll\u00e4\/kev\u00e4\u00e4ll\u00e4 j\u00e4rjest\u00e4mme teemakonsertteja.<\/p>\n\n\n\n<p>Vuonna 2022 yhdistyksemme kunnosti j\u00e4senist\u00f6n voimin Pakarin akustiikkaa sek\u00e4 Fagerkullan pihan\u00e4ytt\u00e4m\u00f6n pihaa. Vuonna 2024 festivaali siirtyi Karkkilan Ala-Emalin Konepajahalliin. Vuoden 2025 10-vuotisfestivaalit olivat iloinen kes\u00e4tapahtuma.<br><br><\/p>\n","protected":false},"excerpt":{"rendered":"<p>Yhdistys perustettiin 2015. Yhdistyksen tarkoituksena on edist\u00e4\u00e4 ukulelemusiikin ja yleens\u00e4 musiikin harrastusta paikkakunnalla. Vire\u00e4 yhdistyksemme j\u00e4rjest\u00e4\u00e4 kes\u00e4isin yhteisty\u00f6ss\u00e4 Karkkilan kaupungin kanssa Ukulelefestivaalit. Syksyll\u00e4\/kev\u00e4\u00e4ll\u00e4 j\u00e4rjest\u00e4mme teemakonsertteja. Vuonna 2022 yhdistyksemme kunnosti j\u00e4senist\u00f6n voimin Pakarin akustiikkaa sek\u00e4 Fagerkullan pihan\u00e4ytt\u00e4m\u00f6n pihaa. Vuonna 2024 festivaali siirtyi Karkkilan Ala-Emalin Konepajahalliin. Vuoden 2025 10-vuotisfestivaalit olivat iloinen kes\u00e4tapahtuma.<\/p>\n","protected":false},"author":1,"featured_media":0,"parent":0,"menu_order":0,"comment_status":"closed","ping_status":"closed","template":"","meta":{"_kadence_starter_templates_imported_post":false,"_kad_post_transparent":"","_kad_post_title":"","_kad_post_layout":"","_kad_post_sidebar_id":"","_kad_post_content_style":"","_kad_post_vertical_padding":"","_kad_post_feature":"","_kad_post_feature_position":"","_kad_post_header":false,"_kad_post_footer":false,"_kad_post_classname":"","footnotes":""},"class_list":["post-363","page","type-page","status-publish","hentry"],"_links":{"self":[{"href":"https:\/\/kukulele.net\/index.php?rest_route=\/wp\/v2\/pages\/363","targetHints":{"allow":["GET"]}}],"collection":[{"href":"https:\/\/kukulele.net\/index.php?rest_route=\/wp\/v2\/pages"}],"about":[{"href":"https:\/\/kukulele.net\/index.php?rest_route=\/wp\/v2\/types\/page"}],"author":[{"embeddable":true,"href":"https:\/\/kukulele.net\/index.php?rest_route=\/wp\/v2\/users\/1"}],"replies":[{"embeddable":true,"href":"https:\/\/kukulele.net\/index.php?rest_route=%2Fwp%2Fv2%2Fcomments&post=363"}],"version-history":[{"count":2,"href":"https:\/\/kukulele.net\/index.php?rest_route=\/wp\/v2\/pages\/363\/revisions"}],"predecessor-version":[{"id":743,"href":"https:\/\/kukulele.net\/index.php?rest_route=\/wp\/v2\/pages\/363\/revisions\/743"}],"wp:attachment":[{"href":"https:\/\/kukulele.net\/index.php?rest_route=%2Fwp%2Fv2%2Fmedia&parent=363"}],"curies":[{"name":"wp","href":"https:\/\/api.w.org\/{rel}","templated":true}]}}