{"id":335,"date":"2022-02-21T11:45:28","date_gmt":"2022-02-21T09:45:28","guid":{"rendered":"http:\/\/kukulele.net\/?page_id=335"},"modified":"2026-04-12T14:32:24","modified_gmt":"2026-04-12T14:32:24","slug":"sanoituskilpailu","status":"publish","type":"page","link":"https:\/\/kukulele.net\/?page_id=335","title":{"rendered":"Sanoituskilpailu"},"content":{"rendered":"\n<h3 class=\"wp-block-heading has-black-color has-text-color has-link-color wp-elements-697feeefa1770f6561a0e382d38634c2\" id=\"osallistu-kukulelebiisin-sanoituskilpailuun\"><strong>Osallistu Kukulelebiisin sanoituskilpailuun<\/strong><\/h3>\n\n\n\n<p>Saas n\u00e4hd\u00e4 onko 2026 tulossa sanoituskilpailu. T\u00e4ss\u00e4 viel\u00e4 viime kes\u00e4n biisi, jos et ole sit\u00e4 viel\u00e4 kuullut.<\/p>\n\n\n\n<p><\/p>\n\n\n\n<p><strong>Sanoita&nbsp;Kukulelebiisi! L\u00e4het\u00e4 sanoituksesi meiliin <a href=\"mailto:karkkilan.ukuleleyhdistys@gmail.com\">karkkilan.ukuleleyhdistys@gmail.com<\/a> 21.7.2025 menness\u00e4.<\/strong><br>S\u00e4\u00e4nn\u00f6t: Sanoituksessa pit\u00e4\u00e4 olla sanat \u201dKarkkila, ukulele, avaruus, kymmenen vuotta \u201d.<br>Voittajalle palkinnoksi ukulele. Voittaja julkistetaan Kukukelen p\u00e4iv\u00e4konsertissa 2.8.2025<\/p>\n\n\n\n<h3 class=\"wp-block-heading has-black-color has-text-color has-link-color wp-elements-75df08de4c71934cbaa9a8319373320b\"><strong>Sanoituskilpailun biisi<\/strong><\/h3>\n\n\n\n<p>Kisabiisi2025 &#8211; s\u00e4velt\u00e4nyt ja soittanut Erkki Kuuttila<\/p>\n\n\n\n<figure class=\"wp-block-audio\"><audio controls src=\"https:\/\/kukulele.net\/wp-content\/uploads\/2025\/07\/kisabiisi2025.mp3\"><\/audio><\/figure>\n\n\n\n<p>Lataa koneellesi t\u00e4st\u00e4 nuotit:<br><a href=\"https:\/\/kukulele.net\/wp-content\/uploads\/2025\/07\/Sanoituskilpailu2005_nuotit.pdf\">https:\/\/kukulele.net\/wp-content\/uploads\/2025\/07\/Sanoituskilpailu2005_nuotit.pdf<\/a><\/p>\n\n\n\n<h3 class=\"wp-block-heading has-black-color has-text-color has-link-color wp-elements-5c6bd31ef7842df74c06bf93030933fd\">Sanoituskilpailuun osallistuville:<\/h3>\n\n\n\n<p><br>T\u00e4ss\u00e4 t\u00e4m\u00e4nvuotinen sanoituskilpailubiisi. Sanoituksessa tulee olla sanat: Karkkila, ukulele, avaruus ja kymmenen vuotta. Kappale feidaantuu soolon j\u00e4lkeen, mutta voit sanoittaa kaksi tai kolme s\u00e4keist\u00f6\u00e4. L\u00e4het\u00e4 sanoituksesi osoitteeseen: <a href=\"mailto:karkkilan.ukuleleyhdistys@gmail.com\">karkkilan.ukuleleyhdistys@gmail.com<\/a> viimeist\u00e4\u00e4n 21.7.2025. Laita sanoitus liitteen\u00e4 nimimerkill\u00e4. Sihteeri v\u00e4litt\u00e4\u00e4 sanoitukset&nbsp;anonyymisti tuomaristolle. <\/p>\n\n\n\n<p><\/p>\n\n\n\n<p><br><br><br><br><\/p>\n\n\n\n<p><\/p>\n","protected":false},"excerpt":{"rendered":"<p>Osallistu Kukulelebiisin sanoituskilpailuun Saas n\u00e4hd\u00e4 onko 2026 tulossa sanoituskilpailu. T\u00e4ss\u00e4 viel\u00e4 viime kes\u00e4n biisi, jos et ole sit\u00e4 viel\u00e4 kuullut. Sanoita&nbsp;Kukulelebiisi! L\u00e4het\u00e4 sanoituksesi meiliin karkkilan.ukuleleyhdistys@gmail.com 21.7.2025 menness\u00e4.S\u00e4\u00e4nn\u00f6t: Sanoituksessa pit\u00e4\u00e4 olla sanat \u201dKarkkila, ukulele, avaruus, kymmenen vuotta \u201d.Voittajalle palkinnoksi ukulele. Voittaja julkistetaan Kukukelen p\u00e4iv\u00e4konsertissa 2.8.2025 Sanoituskilpailun biisi Kisabiisi2025 &#8211; s\u00e4velt\u00e4nyt ja soittanut Erkki Kuuttila Lataa koneellesi&#8230;<\/p>\n","protected":false},"author":1,"featured_media":0,"parent":0,"menu_order":0,"comment_status":"closed","ping_status":"closed","template":"","meta":{"_kadence_starter_templates_imported_post":false,"_kad_post_transparent":"","_kad_post_title":"","_kad_post_layout":"","_kad_post_sidebar_id":"","_kad_post_content_style":"","_kad_post_vertical_padding":"","_kad_post_feature":"","_kad_post_feature_position":"","_kad_post_header":false,"_kad_post_footer":false,"_kad_post_classname":"","footnotes":""},"class_list":["post-335","page","type-page","status-publish","hentry"],"_links":{"self":[{"href":"https:\/\/kukulele.net\/index.php?rest_route=\/wp\/v2\/pages\/335","targetHints":{"allow":["GET"]}}],"collection":[{"href":"https:\/\/kukulele.net\/index.php?rest_route=\/wp\/v2\/pages"}],"about":[{"href":"https:\/\/kukulele.net\/index.php?rest_route=\/wp\/v2\/types\/page"}],"author":[{"embeddable":true,"href":"https:\/\/kukulele.net\/index.php?rest_route=\/wp\/v2\/users\/1"}],"replies":[{"embeddable":true,"href":"https:\/\/kukulele.net\/index.php?rest_route=%2Fwp%2Fv2%2Fcomments&post=335"}],"version-history":[{"count":8,"href":"https:\/\/kukulele.net\/index.php?rest_route=\/wp\/v2\/pages\/335\/revisions"}],"predecessor-version":[{"id":754,"href":"https:\/\/kukulele.net\/index.php?rest_route=\/wp\/v2\/pages\/335\/revisions\/754"}],"wp:attachment":[{"href":"https:\/\/kukulele.net\/index.php?rest_route=%2Fwp%2Fv2%2Fmedia&parent=335"}],"curies":[{"name":"wp","href":"https:\/\/api.w.org\/{rel}","templated":true}]}}