{"id":333,"date":"2022-02-21T11:44:53","date_gmt":"2022-02-21T09:44:53","guid":{"rendered":"http:\/\/kukulele.net\/?page_id=333"},"modified":"2025-07-20T14:26:36","modified_gmt":"2025-07-20T14:26:36","slug":"yhteystiedot","status":"publish","type":"page","link":"https:\/\/kukulele.net\/?page_id=333","title":{"rendered":"Yhteystiedot"},"content":{"rendered":"\n<h5 class=\"wp-block-heading\" id=\"kysy-mita-vain\"><strong>Kysy mit\u00e4 vain:<\/strong><\/h5>\n\n\n\n<p>karkkilan.ukuleleyhdistys at gmail.com<\/p>\n\n\n\n<h5 class=\"wp-block-heading\" id=\"yleiset-asiat-myyntipaikat\"><strong>Yleiset asiat, myyntipaikat:<\/strong><\/h5>\n\n\n\n<p>karkkilan.ukuleleyhdistys at gmail.com<\/p>\n\n\n\n<h5 class=\"wp-block-heading\" id=\"jarjestelyt-esiintyjat\"><strong>J\u00e4rjestelyt, esiintyj\u00e4t:<\/strong><\/h5>\n\n\n\n<p><strong>Teemu Hurme<br><\/strong>karkkilan.ukuleleyhdistys at gmail.com<\/p>\n\n\n\n<h5 class=\"wp-block-heading\" id=\"esitystekniikka\"><strong>Esitystekniikka:<\/strong><\/h5>\n\n\n\n<p><strong>Teemu Hurme<br><\/strong>karkkilan.ukuleleyhdistys at gmail.com<\/p>\n\n\n\n<h5 class=\"wp-block-heading\" id=\"esitystekniikka\"><strong>Kukulelen taiteellinen johtaja:<\/strong><\/h5>\n\n\n\n<p><strong>Erkki Kuuttila<br><\/strong>erkki.kuuttila at elisanet.fi<br><br><br><br><\/p>\n","protected":false},"excerpt":{"rendered":"<p>Kysy mit\u00e4 vain: karkkilan.ukuleleyhdistys at gmail.com Yleiset asiat, myyntipaikat: karkkilan.ukuleleyhdistys at gmail.com J\u00e4rjestelyt, esiintyj\u00e4t: Teemu Hurmekarkkilan.ukuleleyhdistys at gmail.com Esitystekniikka: Teemu Hurmekarkkilan.ukuleleyhdistys at gmail.com Kukulelen taiteellinen johtaja: Erkki Kuuttilaerkki.kuuttila at elisanet.fi<\/p>\n","protected":false},"author":1,"featured_media":0,"parent":0,"menu_order":0,"comment_status":"closed","ping_status":"closed","template":"","meta":{"_kadence_starter_templates_imported_post":false,"_kad_post_transparent":"","_kad_post_title":"","_kad_post_layout":"","_kad_post_sidebar_id":"","_kad_post_content_style":"","_kad_post_vertical_padding":"","_kad_post_feature":"","_kad_post_feature_position":"","_kad_post_header":false,"_kad_post_footer":false,"_kad_post_classname":"","footnotes":""},"class_list":["post-333","page","type-page","status-publish","hentry"],"_links":{"self":[{"href":"https:\/\/kukulele.net\/index.php?rest_route=\/wp\/v2\/pages\/333","targetHints":{"allow":["GET"]}}],"collection":[{"href":"https:\/\/kukulele.net\/index.php?rest_route=\/wp\/v2\/pages"}],"about":[{"href":"https:\/\/kukulele.net\/index.php?rest_route=\/wp\/v2\/types\/page"}],"author":[{"embeddable":true,"href":"https:\/\/kukulele.net\/index.php?rest_route=\/wp\/v2\/users\/1"}],"replies":[{"embeddable":true,"href":"https:\/\/kukulele.net\/index.php?rest_route=%2Fwp%2Fv2%2Fcomments&post=333"}],"version-history":[{"count":1,"href":"https:\/\/kukulele.net\/index.php?rest_route=\/wp\/v2\/pages\/333\/revisions"}],"predecessor-version":[{"id":723,"href":"https:\/\/kukulele.net\/index.php?rest_route=\/wp\/v2\/pages\/333\/revisions\/723"}],"wp:attachment":[{"href":"https:\/\/kukulele.net\/index.php?rest_route=%2Fwp%2Fv2%2Fmedia&parent=333"}],"curies":[{"name":"wp","href":"https:\/\/api.w.org\/{rel}","templated":true}]}}