{"id":327,"date":"2022-02-21T11:42:24","date_gmt":"2022-02-21T09:42:24","guid":{"rendered":"http:\/\/kukulele.net\/?page_id=327"},"modified":"2026-04-12T14:27:35","modified_gmt":"2026-04-12T14:27:35","slug":"esiintyjat","status":"publish","type":"page","link":"https:\/\/kukulele.net\/?page_id=327","title":{"rendered":"Esiintyj\u00e4t 2026"},"content":{"rendered":"\n<p>Tiedot tulossa, mutta t\u00e4ss\u00e4 viel\u00e4 kes\u00e4n 2025 esiintyji\u00e4:<\/p>\n\n\n\n<h1 class=\"wp-block-heading has-accent-color has-text-color has-link-color wp-elements-a0838607e15a4b8eff51988c71f6b1dd\">Supertrio Kuosmanen, Julkunen ja Engberg<\/h1>\n\n\n\n<p>Supertrio Sakari Kuosmanen (ukulelebasso), Jarmo Julkunen (ukulele), Peter Engberg (ukulele). Supertrion keikkasetiss\u00e4 on rakkaita klassikoita ukesovituksina.&nbsp;<\/p>\n\n\n\n<p>Sakari Kuosmanen on suomalainen laulaja ja n\u00e4yttelij\u00e4. H\u00e4n on levytt\u00e4nyt useampia sooloalbumeita ja tehnyt yhteisty\u00f6t\u00e4 esimerkiksi Sleepy Sleepersin ja Leningrad Cowboysin kanssa. Sakari Kuosmanen on my\u00f6s ohjaaja Aki Kaurism\u00e4en luotton\u00e4yttelij\u00e4, onhan h\u00e4n n\u00e4ytellyt merkitt\u00e4vi\u00e4 rooleja ainakin yhdeks\u00e4ss\u00e4 Aki Kaurism\u00e4en ohjaamassa elokuvassa.<\/p>\n\n\n\n<p>Kuosmanen on monipuolinen taiteilija. 1980-luvulla h\u00e4n oli Suomi-rockissa merkitt\u00e4v\u00e4 tekij\u00e4, sittemmin h\u00e4n on tehnyt iskelm\u00e4\u00e4 ja nyt siis h\u00e4net n\u00e4hd\u00e4\u00e4n ukulelemusiikin parissa. H\u00e4n on my\u00f6s tehnyt televisioon Aake Kallialan kanssa ohjelmasarjan Aaken ja Sakun kes\u00e4keitti\u00f6 vuonna 1999.<\/p>\n\n\n\n<p>Jarmo Julkunen on suomalainen muusikko, jonka soittimia ovat ukulele, kitara, banjo ja luuttu.<\/p>\n\n\n\n<p>Vuonna 2017 Turenki Records julkaisi Julkusen levyn Ukulele Alakulo. Julkusen ukulelen soittoa on kuultu muun muassa Ylen kulttuuriohjelmissa, Sinfonia Lahden solistina, UMO Jazz Orchestran solistina, Lontoon sinfoniaorkesterin konserttisarjoissa, Paula Koivuniemen yhtyeess\u00e4, Madventures-sarjassa, Ikitie-elokuvassa sek\u00e4 Angry Birds -mobiilipeliss\u00e4.<\/p>\n\n\n\n<p>Peter Engberg on suomalainen kitaristi ja tuottaja. Engberg opiskeli Los Angelesin Musicians Institutessa, jossa h\u00e4n sai oppia muun muassa Scott Hendersonilta. H\u00e4n valmistui Helsingin Sibelius-Akatemian jazz-osastolta vuonna 2000.<\/p>\n\n\n\n<p>Engberg ty\u00f6skentelee p\u00e4\u00e4asiassa freelancerina. H\u00e4n on levytt\u00e4nyt ja konsertoinut monien tunnettujen artistien kanssa. Vuonna 2000 ilmestyi Engbergin ensimm\u00e4inen sooloalbumi Tori, mink\u00e4 lis\u00e4ksi h\u00e4n on julkaissut soolot Poems (2009) ja True Lines (2010).&nbsp;<\/p>\n\n\n\n<p>T\u00e4m\u00e4n Supertrion voit n\u00e4hd\u00e4 t\u00e4n\u00e4 vuonna vain Kukulelen 10 v festivaaleilla Karkkilassa.<\/p>\n\n\n\n<figure class=\"wp-block-image size-large\"><img loading=\"lazy\" decoding=\"async\" width=\"1024\" height=\"768\" src=\"https:\/\/kukulele.net\/wp-content\/uploads\/2025\/07\/Kuosmanen-Julkunen-Engberg-1024x768.jpg\" alt=\"\" class=\"wp-image-710\" srcset=\"https:\/\/kukulele.net\/wp-content\/uploads\/2025\/07\/Kuosmanen-Julkunen-Engberg-1024x768.jpg 1024w, https:\/\/kukulele.net\/wp-content\/uploads\/2025\/07\/Kuosmanen-Julkunen-Engberg-300x225.jpg 300w, https:\/\/kukulele.net\/wp-content\/uploads\/2025\/07\/Kuosmanen-Julkunen-Engberg-768x576.jpg 768w, https:\/\/kukulele.net\/wp-content\/uploads\/2025\/07\/Kuosmanen-Julkunen-Engberg-1536x1152.jpg 1536w, https:\/\/kukulele.net\/wp-content\/uploads\/2025\/07\/Kuosmanen-Julkunen-Engberg-2048x1536.jpg 2048w\" sizes=\"auto, (max-width: 1024px) 100vw, 1024px\" \/><\/figure>\n\n\n\n<p><\/p>\n\n\n\n<h1 class=\"wp-block-heading has-accent-color has-text-color has-link-color wp-elements-7fb81611fb0000cbf048142144cc97fc\">Cappuccino<\/h1>\n\n\n\n<p>Uusin karkkilalainen ukeyhtye \u2013 luvassa iloista ja mukavaa meininki\u00e4. B\u00e4ndil\u00e4isiss\u00e4 sek\u00e4 usean vuoden ukettajia ett\u00e4 uusia solisteja. Kannattaa tulla kuuntelemaan t\u00e4t\u00e4 poppoota.<\/p>\n\n\n\n<figure class=\"wp-block-image\"><img loading=\"lazy\" decoding=\"async\" width=\"1080\" height=\"908\" src=\"https:\/\/kukulele.net\/wp-content\/uploads\/2025\/07\/Capuccino-2025.jpg\" alt=\"\" class=\"wp-image-666\" srcset=\"https:\/\/kukulele.net\/wp-content\/uploads\/2025\/07\/Capuccino-2025.jpg 1080w, https:\/\/kukulele.net\/wp-content\/uploads\/2025\/07\/Capuccino-2025-300x252.jpg 300w, https:\/\/kukulele.net\/wp-content\/uploads\/2025\/07\/Capuccino-2025-1024x861.jpg 1024w, https:\/\/kukulele.net\/wp-content\/uploads\/2025\/07\/Capuccino-2025-768x646.jpg 768w\" sizes=\"auto, (max-width: 1080px) 100vw, 1080px\" \/><\/figure>\n\n\n\n<h2 class=\"wp-block-heading\"><a href=\"http:\/\/www.facebook.com\/Karkkilan-I-Ukuleleorkesteri-463841007151001\/\" target=\"_blank\" rel=\"noreferrer noopener\">Karkkilan I Ukuleleorkesteri<\/a><\/h2>\n\n\n\n<p>Vuonna 2014 perustettu ukuleleorkesteri on j\u00e4lleen mukana Kukulele-festivaalien esiintyj\u00e4n\u00e4 ja j\u00e4rjestelyiss\u00e4. Erkki Kuuttilan johtama hilpe\u00e4 orkesteri esiintyy ja kehitt\u00e4\u00e4 ohjelmistoaan aktiivisesti.<\/p>\n\n\n\n<figure class=\"wp-block-image size-full is-resized\"><img loading=\"lazy\" decoding=\"async\" width=\"960\" height=\"720\" src=\"https:\/\/kukulele.net\/wp-content\/uploads\/2025\/06\/image.png\" alt=\"\" class=\"wp-image-642\" style=\"width:761px;height:auto\" srcset=\"https:\/\/kukulele.net\/wp-content\/uploads\/2025\/06\/image.png 960w, https:\/\/kukulele.net\/wp-content\/uploads\/2025\/06\/image-300x225.png 300w, https:\/\/kukulele.net\/wp-content\/uploads\/2025\/06\/image-768x576.png 768w\" sizes=\"auto, (max-width: 960px) 100vw, 960px\" \/><\/figure>\n\n\n\n<h1 class=\"wp-block-heading\">Toshi, Juha &amp; Sanna<\/h1>\n\n\n\n<p>Toshi, Juha &amp; Sanna on tuore karkkilalainen folkmusiikkia soittava kokoonpano, jonka ensimm\u00e4inen esiintyminen oli Kino Laikassa juhannuksen j\u00e4lkeen. Olemme kaikki soitelleet nuoresta pit\u00e4en erilaisissa kokoonpanoissa. Meit\u00e4 kiinnostaa se, miten 60-folkmusiikin teemat, perinteinen kansanmusiikki, yhteiskunnalliset asiat ja sodanvastaisuus sopivat t\u00e4h\u00e4n p\u00e4iv\u00e4\u00e4n.<\/p>\n\n\n\n<figure class=\"wp-block-image size-large\"><img loading=\"lazy\" decoding=\"async\" width=\"1024\" height=\"987\" src=\"https:\/\/kukulele.net\/wp-content\/uploads\/2025\/07\/Toski_Juha_Sanna-1024x987.jpg\" alt=\"\" class=\"wp-image-715\" srcset=\"https:\/\/kukulele.net\/wp-content\/uploads\/2025\/07\/Toski_Juha_Sanna-1024x987.jpg 1024w, https:\/\/kukulele.net\/wp-content\/uploads\/2025\/07\/Toski_Juha_Sanna-300x289.jpg 300w, https:\/\/kukulele.net\/wp-content\/uploads\/2025\/07\/Toski_Juha_Sanna-768x740.jpg 768w, https:\/\/kukulele.net\/wp-content\/uploads\/2025\/07\/Toski_Juha_Sanna-1536x1480.jpg 1536w, https:\/\/kukulele.net\/wp-content\/uploads\/2025\/07\/Toski_Juha_Sanna.jpg 1600w\" sizes=\"auto, (max-width: 1024px) 100vw, 1024px\" \/><\/figure>\n\n\n\n<h1 class=\"wp-block-heading has-accent-color has-text-color has-link-color wp-elements-94b49dba36e51883a0ec6a3fedd5a608\">Lauantain ei-toivotut<\/h1>\n\n\n\n<p>Helsinkil\u00e4is-espoolais-nurmij\u00e4rvel\u00e4inen Lauantain ei-toivotut esitt\u00e4\u00e4 monipuolista ja -\u00e4\u00e4nist\u00e4 rytmimusiikkia eri aikakausilta, sadan vuoden takaa l\u00e4hes nykyp\u00e4iv\u00e4\u00e4n. Ohjelmisto on tilanteen mukaan vaihtelevaa, jotenkin tutuhkoa, mutta yleens\u00e4 pyrit\u00e4\u00e4n astumaan v\u00e4h\u00e4n sivuun tallatuimmalta polulta.<\/p>\n\n\n\n<figure class=\"wp-block-image size-large\"><img loading=\"lazy\" decoding=\"async\" width=\"1024\" height=\"884\" src=\"https:\/\/kukulele.net\/wp-content\/uploads\/2025\/06\/WhatsApp-Kuva-2025-06-08-klo-22.29.40_e46074a4-1024x884.jpg\" alt=\"\" class=\"wp-image-644\" srcset=\"https:\/\/kukulele.net\/wp-content\/uploads\/2025\/06\/WhatsApp-Kuva-2025-06-08-klo-22.29.40_e46074a4-1024x884.jpg 1024w, https:\/\/kukulele.net\/wp-content\/uploads\/2025\/06\/WhatsApp-Kuva-2025-06-08-klo-22.29.40_e46074a4-300x259.jpg 300w, https:\/\/kukulele.net\/wp-content\/uploads\/2025\/06\/WhatsApp-Kuva-2025-06-08-klo-22.29.40_e46074a4-768x663.jpg 768w, https:\/\/kukulele.net\/wp-content\/uploads\/2025\/06\/WhatsApp-Kuva-2025-06-08-klo-22.29.40_e46074a4.jpg 1206w\" sizes=\"auto, (max-width: 1024px) 100vw, 1024px\" \/><\/figure>\n\n\n\n<h1 class=\"wp-block-heading\">SALOHA!<\/h1>\n\n\n\n<p>SALOHA!-ukueleyhtyeen harjoituksissa edet\u00e4\u00e4n kunkin oman tason ja innostuksen mukaisesti, mutta yhteinen s\u00e4vel l\u00f6ytyy keikoilla sek\u00e4 kuulijoiden ett\u00e4 soittajien iloksi ja h\u00e4mm\u00e4stykseksi! Erilaisia ukuleleja l\u00f6ytyy yhtyeess\u00e4 sopraanon ja tenorin kautta banjoleleen sek\u00e4 \u201dlow-g\u201d -ukuleleen. Moni salohalainen harrastaa laulamista yksin tai kuorossa, ja se kuuluu taitavassa stemmalaulussa. SALOHA!a johtaa Rauni Rokka.<\/p>\n\n\n\n<figure class=\"wp-block-image size-large\"><img loading=\"lazy\" decoding=\"async\" width=\"1024\" height=\"585\" src=\"https:\/\/kukulele.net\/wp-content\/uploads\/2025\/07\/SALOHA-1024x585.jpg\" alt=\"\" class=\"wp-image-683\" srcset=\"https:\/\/kukulele.net\/wp-content\/uploads\/2025\/07\/SALOHA-1024x585.jpg 1024w, https:\/\/kukulele.net\/wp-content\/uploads\/2025\/07\/SALOHA-300x171.jpg 300w, https:\/\/kukulele.net\/wp-content\/uploads\/2025\/07\/SALOHA-768x439.jpg 768w, https:\/\/kukulele.net\/wp-content\/uploads\/2025\/07\/SALOHA.jpg 1500w\" sizes=\"auto, (max-width: 1024px) 100vw, 1024px\" \/><\/figure>\n\n\n\n<h1 class=\"wp-block-heading has-accent-color has-text-color has-link-color wp-elements-3581da37dc93c65535be6256927203d1\">Van Uke<\/h1>\n\n\n\n<p>VanUke on Vantaan Aikuisopiston piiriss\u00e4 toimiva ukuleleyhtye, joka on perustettu vuonna 2018. Sen j\u00e4senet ovat monipuolisen musiikkitaustan omaavia soittajia.<\/p>\n\n\n\n<figure class=\"wp-block-image size-large\"><img loading=\"lazy\" decoding=\"async\" width=\"1024\" height=\"594\" src=\"https:\/\/kukulele.net\/wp-content\/uploads\/2025\/07\/VanUke-1024x594.jpg\" alt=\"\" class=\"wp-image-689\" srcset=\"https:\/\/kukulele.net\/wp-content\/uploads\/2025\/07\/VanUke-1024x594.jpg 1024w, https:\/\/kukulele.net\/wp-content\/uploads\/2025\/07\/VanUke-300x174.jpg 300w, https:\/\/kukulele.net\/wp-content\/uploads\/2025\/07\/VanUke-768x445.jpg 768w, https:\/\/kukulele.net\/wp-content\/uploads\/2025\/07\/VanUke-1536x890.jpg 1536w, https:\/\/kukulele.net\/wp-content\/uploads\/2025\/07\/VanUke.jpg 1794w\" sizes=\"auto, (max-width: 1024px) 100vw, 1024px\" \/><\/figure>\n\n\n\n<h1 class=\"wp-block-heading has-accent-color has-text-color has-link-color wp-elements-9579c485979a06f328411be3ad8f64be\">Old Man&#8217;s Tale<\/h1>\n\n\n\n<p>Old Man\u00b4s Tale is a new finnish band started in summer 2017. Bands unique sound is entirely build on ukuleles.<\/p>\n\n\n\n<figure class=\"wp-block-image size-large\"><img loading=\"lazy\" decoding=\"async\" width=\"1024\" height=\"1024\" src=\"https:\/\/kukulele.net\/wp-content\/uploads\/2025\/07\/Old_Mans_Tale-1024x1024.jpg\" alt=\"\" class=\"wp-image-667\" srcset=\"https:\/\/kukulele.net\/wp-content\/uploads\/2025\/07\/Old_Mans_Tale-1024x1024.jpg 1024w, https:\/\/kukulele.net\/wp-content\/uploads\/2025\/07\/Old_Mans_Tale-300x300.jpg 300w, https:\/\/kukulele.net\/wp-content\/uploads\/2025\/07\/Old_Mans_Tale-150x150.jpg 150w, https:\/\/kukulele.net\/wp-content\/uploads\/2025\/07\/Old_Mans_Tale-768x768.jpg 768w, https:\/\/kukulele.net\/wp-content\/uploads\/2025\/07\/Old_Mans_Tale.jpg 1080w\" sizes=\"auto, (max-width: 1024px) 100vw, 1024px\" \/><\/figure>\n\n\n\n<h1 class=\"wp-block-heading has-accent-color has-text-color has-link-color wp-elements-78feb2e86c65a9e15ee575c8a8a7d8c1\">U3<\/h1>\n\n\n\n<p>U3 on soinut jo kymmenen vuoden ajan \u2013 soittamisen ilosta ja rakkaudesta musiikkiin.Mukana on s\u00e4veli\u00e4, jotka her\u00e4tt\u00e4v\u00e4t muistoja ja ehk\u00e4 yll\u00e4tt\u00e4v\u00e4tkin! Pilke silm\u00e4kulmassa ja ukulele syd\u00e4mess\u00e4. <img loading=\"lazy\" decoding=\"async\" height=\"16\" width=\"16\" src=\"https:\/\/static.xx.fbcdn.net\/images\/emoji.php\/v9\/t99\/1\/16\/1f33a.png\" alt=\"\ud83c\udf3a\"><img loading=\"lazy\" decoding=\"async\" height=\"16\" width=\"16\" src=\"https:\/\/static.xx.fbcdn.net\/images\/emoji.php\/v9\/t9e\/1\/16\/1f3b5.png\" alt=\"\ud83c\udfb5\"><\/p>\n\n\n\n<figure class=\"wp-block-image size-large\"><img loading=\"lazy\" decoding=\"async\" width=\"1024\" height=\"727\" src=\"https:\/\/kukulele.net\/wp-content\/uploads\/2025\/07\/U3-1024x727.jpg\" alt=\"\" class=\"wp-image-668\" srcset=\"https:\/\/kukulele.net\/wp-content\/uploads\/2025\/07\/U3-1024x727.jpg 1024w, https:\/\/kukulele.net\/wp-content\/uploads\/2025\/07\/U3-300x213.jpg 300w, https:\/\/kukulele.net\/wp-content\/uploads\/2025\/07\/U3-768x545.jpg 768w, https:\/\/kukulele.net\/wp-content\/uploads\/2025\/07\/U3-1536x1091.jpg 1536w, https:\/\/kukulele.net\/wp-content\/uploads\/2025\/07\/U3.jpg 1600w\" sizes=\"auto, (max-width: 1024px) 100vw, 1024px\" \/><\/figure>\n\n\n\n<h1 class=\"wp-block-heading has-accent-color has-text-color has-link-color wp-elements-769bdb028e1f3f2870d3ee3e9a3794cc\">UkuLissut<\/h1>\n\n\n\n<p>UkuLissut &#8211; ukulelen soittoa, stemmalaulua ja iskelmi\u00e4 eri vuosikymmenilt\u00e4 jo vuodesta 2016.<\/p>\n\n\n\n<figure class=\"wp-block-image size-full\"><img loading=\"lazy\" decoding=\"async\" width=\"843\" height=\"521\" src=\"https:\/\/kukulele.net\/wp-content\/uploads\/2025\/07\/UkuLissut.jpg\" alt=\"\" class=\"wp-image-695\" srcset=\"https:\/\/kukulele.net\/wp-content\/uploads\/2025\/07\/UkuLissut.jpg 843w, https:\/\/kukulele.net\/wp-content\/uploads\/2025\/07\/UkuLissut-300x185.jpg 300w, https:\/\/kukulele.net\/wp-content\/uploads\/2025\/07\/UkuLissut-768x475.jpg 768w\" sizes=\"auto, (max-width: 843px) 100vw, 843px\" \/><\/figure>\n\n\n\n<h1 class=\"wp-block-heading has-accent-color has-text-color has-link-color wp-elements-d3e441d7d8da545b47c4d4b656b2a3ea\">Ukulele Alisa<\/h1>\n\n\n\n<p>Ukulele Alisa esitt\u00e4\u00e4 omia kappaleitaan ja tunnettuja hittej\u00e4. L\u00e4mminhenkisess\u00e4 ukulele musiikissa on kannustava asenne ja hyv\u00e4 meininki. Kuulijalle j\u00e4\u00e4 hymy huulille!<\/p>\n\n\n\n<figure class=\"wp-block-image size-large\"><img loading=\"lazy\" decoding=\"async\" width=\"684\" height=\"1024\" src=\"https:\/\/kukulele.net\/wp-content\/uploads\/2025\/07\/Ukelele_Alisa-1-684x1024.jpg\" alt=\"\" class=\"wp-image-696\" srcset=\"https:\/\/kukulele.net\/wp-content\/uploads\/2025\/07\/Ukelele_Alisa-1-684x1024.jpg 684w, https:\/\/kukulele.net\/wp-content\/uploads\/2025\/07\/Ukelele_Alisa-1-200x300.jpg 200w, https:\/\/kukulele.net\/wp-content\/uploads\/2025\/07\/Ukelele_Alisa-1-768x1151.jpg 768w, https:\/\/kukulele.net\/wp-content\/uploads\/2025\/07\/Ukelele_Alisa-1-1025x1536.jpg 1025w, https:\/\/kukulele.net\/wp-content\/uploads\/2025\/07\/Ukelele_Alisa-1-1367x2048.jpg 1367w, https:\/\/kukulele.net\/wp-content\/uploads\/2025\/07\/Ukelele_Alisa-1-scaled.jpg 1709w\" sizes=\"auto, (max-width: 684px) 100vw, 684px\" \/><\/figure>\n\n\n\n<h1 class=\"wp-block-heading\">Rita Braga<\/h1>\n\n\n\n<p>Rita Braga on laulaja, lauluntekij\u00e4 ja multi-instrumentalisti. H\u00e4n on kiert\u00e4nyt ymp\u00e4ri Eurooppaa sek\u00e4 my\u00f6s Yhdysvalloissa, Brasiliassa, Australiassa ja Japanissa. H\u00e4nen ty\u00f6ns\u00e4 on saanut vaikutteita 1900-luvun alun varietee-musiikin pioneereista, post-punkista, kabareesta ja muista musiikkityyleist\u00e4. Aika ajoin h\u00e4n saa unissaan vihjeit\u00e4 sarjakuvapersoonilta (kuten V\u00e4iski Vemmels\u00e4\u00e4relt\u00e4) siit\u00e4, miten h\u00e4nen tulisi uraansa johtaa. Rita on esiintynyt Kukulele-festareilla aiemminkin ja olemme todella iloisia saadessamme h\u00e4net j\u00e4lleen esiintyj\u00e4ksi. Kuvassa Rita Braga Kukulele Workshopissa vuonna 2019<\/p>\n\n\n\n<p><\/p>\n\n\n\n<figure class=\"wp-block-image size-large\"><img loading=\"lazy\" decoding=\"async\" width=\"1024\" height=\"798\" src=\"https:\/\/kukulele.net\/wp-content\/uploads\/2025\/07\/Rita-2_Kukulele2019_Workshop-\u2013-kopio-1024x798.jpg\" alt=\"\" class=\"wp-image-705\" srcset=\"https:\/\/kukulele.net\/wp-content\/uploads\/2025\/07\/Rita-2_Kukulele2019_Workshop-\u2013-kopio-1024x798.jpg 1024w, https:\/\/kukulele.net\/wp-content\/uploads\/2025\/07\/Rita-2_Kukulele2019_Workshop-\u2013-kopio-300x234.jpg 300w, https:\/\/kukulele.net\/wp-content\/uploads\/2025\/07\/Rita-2_Kukulele2019_Workshop-\u2013-kopio-768x599.jpg 768w, https:\/\/kukulele.net\/wp-content\/uploads\/2025\/07\/Rita-2_Kukulele2019_Workshop-\u2013-kopio-1536x1198.jpg 1536w, https:\/\/kukulele.net\/wp-content\/uploads\/2025\/07\/Rita-2_Kukulele2019_Workshop-\u2013-kopio-2048x1597.jpg 2048w\" sizes=\"auto, (max-width: 1024px) 100vw, 1024px\" \/><\/figure>\n\n\n\n<h1 class=\"wp-block-heading\">Tervauket<\/h1>\n\n\n\n<p>Tervauket on kolmevuotta soitellut ukeryhm\u00e4 Vihdin Tervalammelta. Tervauket soittaa jazzstandardeja ja poppia solistina upea Vilma.<\/p>\n\n\n\n<figure class=\"wp-block-image\"><img loading=\"lazy\" decoding=\"async\" width=\"1600\" height=\"735\" src=\"https:\/\/kukulele.net\/wp-content\/uploads\/2025\/07\/Tervauket.jpg\" alt=\"\" class=\"wp-image-720\" srcset=\"https:\/\/kukulele.net\/wp-content\/uploads\/2025\/07\/Tervauket.jpg 1600w, https:\/\/kukulele.net\/wp-content\/uploads\/2025\/07\/Tervauket-300x138.jpg 300w, https:\/\/kukulele.net\/wp-content\/uploads\/2025\/07\/Tervauket-1024x470.jpg 1024w, https:\/\/kukulele.net\/wp-content\/uploads\/2025\/07\/Tervauket-768x353.jpg 768w, https:\/\/kukulele.net\/wp-content\/uploads\/2025\/07\/Tervauket-1536x706.jpg 1536w\" sizes=\"auto, (max-width: 1600px) 100vw, 1600px\" \/><\/figure>\n\n\n\n<h1 class=\"wp-block-heading\">Trilobeatit<\/h1>\n\n\n\n<p>TRILOBEATIT esitt\u00e4\u00e4 omia lauluja, havaijilaiss\u00e4velmi\u00e4 sek\u00e4 piitlest\u00e4. Omailmeiset kappaleet, taitava ukulelensoitto ja stemmalaulu viev\u00e4t kuulijan sinne sun t\u00e4nne, ehk\u00e4 takaisinkin. Triossa soittavat (kuvassa vas.) sisarukset Seppo ja Rauni Rokka sek\u00e4 Esa Lehtinen.<\/p>\n\n\n\n<figure class=\"wp-block-image\"><img loading=\"lazy\" decoding=\"async\" width=\"2560\" height=\"1279\" src=\"https:\/\/kukulele.net\/wp-content\/uploads\/2025\/07\/Trilot-scaled.jpg\" alt=\"\" class=\"wp-image-721\" srcset=\"https:\/\/kukulele.net\/wp-content\/uploads\/2025\/07\/Trilot-scaled.jpg 2560w, https:\/\/kukulele.net\/wp-content\/uploads\/2025\/07\/Trilot-300x150.jpg 300w, https:\/\/kukulele.net\/wp-content\/uploads\/2025\/07\/Trilot-1024x512.jpg 1024w, https:\/\/kukulele.net\/wp-content\/uploads\/2025\/07\/Trilot-768x384.jpg 768w, https:\/\/kukulele.net\/wp-content\/uploads\/2025\/07\/Trilot-1536x767.jpg 1536w, https:\/\/kukulele.net\/wp-content\/uploads\/2025\/07\/Trilot-2048x1023.jpg 2048w\" sizes=\"auto, (max-width: 2560px) 100vw, 2560px\" \/><\/figure>\n\n\n\n<h1 class=\"wp-block-heading\">Hiiduke<\/h1>\n\n\n\n<p>Hiiduke on kolme vuotta toiminut Hiidenopiston ukuleleorkesteri. Orkesterin ohjelmistoon kuuluu swingi\u00e4, poppia ja elokuvas\u00e4velmi\u00e4.<\/p>\n\n\n\n<figure class=\"wp-block-image\"><img loading=\"lazy\" decoding=\"async\" width=\"1600\" height=\"1200\" src=\"https:\/\/kukulele.net\/wp-content\/uploads\/2025\/07\/Hiiduke.jpg\" alt=\"\" class=\"wp-image-725\" srcset=\"https:\/\/kukulele.net\/wp-content\/uploads\/2025\/07\/Hiiduke.jpg 1600w, https:\/\/kukulele.net\/wp-content\/uploads\/2025\/07\/Hiiduke-300x225.jpg 300w, https:\/\/kukulele.net\/wp-content\/uploads\/2025\/07\/Hiiduke-1024x768.jpg 1024w, https:\/\/kukulele.net\/wp-content\/uploads\/2025\/07\/Hiiduke-768x576.jpg 768w, https:\/\/kukulele.net\/wp-content\/uploads\/2025\/07\/Hiiduke-1536x1152.jpg 1536w\" sizes=\"auto, (max-width: 1600px) 100vw, 1600px\" \/><\/figure>\n\n\n\n<h2 class=\"wp-block-heading\">Makeet Uket<\/h2>\n\n\n\n<p>Kouvolan pohjoisimmalta rajalta Paljakan kyl\u00e4st\u00e4 tulee duo Makeet Uket. Duo on varsin nuori vaikka soittajilla onkin jo hieman reilummin ik\u00e4\u00e4 mittarissa. Tarinalliset el\u00e4m\u00e4nmakuiset iskelm\u00e4t ja coverit viev\u00e4t yleis\u00f6n arkisiin tunnelmiin ja tilanteisiin rempse\u00e4ll\u00e4,joskus tunnelmoivalla mutta aina el\u00e4m\u00e4nmy\u00f6nteisell\u00e4 asenteella. Mukana saa laulaa ja taputtaa tahtia jos silt\u00e4 tuntuu \u2013 kappaleet ovat monille&nbsp;tuttuja!<\/p>\n\n\n\n<figure class=\"wp-block-image\"><img loading=\"lazy\" decoding=\"async\" width=\"1280\" height=\"1599\" src=\"https:\/\/kukulele.net\/wp-content\/uploads\/2025\/07\/Makeet-uket.jpg\" alt=\"\" class=\"wp-image-728\" srcset=\"https:\/\/kukulele.net\/wp-content\/uploads\/2025\/07\/Makeet-uket.jpg 1280w, https:\/\/kukulele.net\/wp-content\/uploads\/2025\/07\/Makeet-uket-240x300.jpg 240w, https:\/\/kukulele.net\/wp-content\/uploads\/2025\/07\/Makeet-uket-820x1024.jpg 820w, https:\/\/kukulele.net\/wp-content\/uploads\/2025\/07\/Makeet-uket-768x959.jpg 768w, https:\/\/kukulele.net\/wp-content\/uploads\/2025\/07\/Makeet-uket-1230x1536.jpg 1230w\" sizes=\"auto, (max-width: 1280px) 100vw, 1280px\" \/><\/figure>\n\n\n\n<h1 class=\"wp-block-heading\">Minneka<\/h1>\n\n\n\n<p>Olemme Minneka eli Milla, Viveka ja Janne Karkkilasta, Lohjalta ja Kirkkonummelta Uudeltamaalta. Soitamme l\u00e4hinn\u00e4 omaa musiikkia, herkk\u00e4\u00e4 ja hempe\u00e4\u00e4, ja muuta mist\u00e4 tykk\u00e4\u00e4mme.<\/p>\n\n\n\n<figure class=\"wp-block-image\"><img loading=\"lazy\" decoding=\"async\" width=\"1099\" height=\"841\" src=\"https:\/\/kukulele.net\/wp-content\/uploads\/2025\/07\/Minneka-2.jpg\" alt=\"\" class=\"wp-image-731\" srcset=\"https:\/\/kukulele.net\/wp-content\/uploads\/2025\/07\/Minneka-2.jpg 1099w, https:\/\/kukulele.net\/wp-content\/uploads\/2025\/07\/Minneka-2-300x230.jpg 300w, https:\/\/kukulele.net\/wp-content\/uploads\/2025\/07\/Minneka-2-1024x784.jpg 1024w, https:\/\/kukulele.net\/wp-content\/uploads\/2025\/07\/Minneka-2-768x588.jpg 768w\" sizes=\"auto, (max-width: 1099px) 100vw, 1099px\" \/><\/figure>\n\n\n\n<p><em>Kukulele2025 pid\u00e4tt\u00e4\u00e4 oikeuden aikataulu- ja esiintyj\u00e4muutoksiin.<\/em><br><br><br><\/p>\n\n\n\n<p><\/p>\n","protected":false},"excerpt":{"rendered":"<p>Tiedot tulossa, mutta t\u00e4ss\u00e4 viel\u00e4 kes\u00e4n 2025 esiintyji\u00e4: Supertrio Kuosmanen, Julkunen ja Engberg Supertrio Sakari Kuosmanen (ukulelebasso), Jarmo Julkunen (ukulele), Peter Engberg (ukulele). Supertrion keikkasetiss\u00e4 on rakkaita klassikoita ukesovituksina.&nbsp; Sakari Kuosmanen on suomalainen laulaja ja n\u00e4yttelij\u00e4. H\u00e4n on levytt\u00e4nyt useampia sooloalbumeita ja tehnyt yhteisty\u00f6t\u00e4 esimerkiksi Sleepy Sleepersin ja Leningrad Cowboysin kanssa. Sakari Kuosmanen on my\u00f6s&#8230;<\/p>\n","protected":false},"author":1,"featured_media":0,"parent":0,"menu_order":0,"comment_status":"closed","ping_status":"closed","template":"","meta":{"_kadence_starter_templates_imported_post":false,"_kad_post_transparent":"","_kad_post_title":"","_kad_post_layout":"","_kad_post_sidebar_id":"","_kad_post_content_style":"","_kad_post_vertical_padding":"","_kad_post_feature":"","_kad_post_feature_position":"","_kad_post_header":false,"_kad_post_footer":false,"_kad_post_classname":"","footnotes":""},"class_list":["post-327","page","type-page","status-publish","hentry"],"_links":{"self":[{"href":"https:\/\/kukulele.net\/index.php?rest_route=\/wp\/v2\/pages\/327","targetHints":{"allow":["GET"]}}],"collection":[{"href":"https:\/\/kukulele.net\/index.php?rest_route=\/wp\/v2\/pages"}],"about":[{"href":"https:\/\/kukulele.net\/index.php?rest_route=\/wp\/v2\/types\/page"}],"author":[{"embeddable":true,"href":"https:\/\/kukulele.net\/index.php?rest_route=\/wp\/v2\/users\/1"}],"replies":[{"embeddable":true,"href":"https:\/\/kukulele.net\/index.php?rest_route=%2Fwp%2Fv2%2Fcomments&post=327"}],"version-history":[{"count":20,"href":"https:\/\/kukulele.net\/index.php?rest_route=\/wp\/v2\/pages\/327\/revisions"}],"predecessor-version":[{"id":750,"href":"https:\/\/kukulele.net\/index.php?rest_route=\/wp\/v2\/pages\/327\/revisions\/750"}],"wp:attachment":[{"href":"https:\/\/kukulele.net\/index.php?rest_route=%2Fwp%2Fv2%2Fmedia&parent=327"}],"curies":[{"name":"wp","href":"https:\/\/api.w.org\/{rel}","templated":true}]}}